{"id":72,"date":"2020-10-19T08:27:50","date_gmt":"2020-10-19T08:27:50","guid":{"rendered":"http:\/\/christian-jansen.de\/?page_id=72"},"modified":"2020-10-19T08:45:14","modified_gmt":"2020-10-19T08:45:14","slug":"impressum-haftungsausschluss","status":"publish","type":"page","link":"https:\/\/christian-jansen.de\/?page_id=72","title":{"rendered":"Impressum"},"content":{"rendered":"<p><strong>Betreiber der privaten Webseite www.christian-jansen.de:<\/strong><\/p>\n<p>Christian Jansen<br \/>\n48432 Rheine-Mesum<br \/>\n<strong><br \/>\nKontaktdaten:<\/strong><\/p>\n<p>mobil: 0160-96654679<br \/>\nE-Mail-Adresse: <a href=\"mailto:webmaster@christian-jansen.de\">webmaster@christian-jansen.de<\/a><\/p>\n<p><strong>Haftung f\u00fcr Inhalte:<\/strong><\/p>\n<p>Im Sinne von \u00a7 7 Absatz 1 TMG sind wir f\u00fcr die eigenen Inhalte auf dieser Webseite verantwortlich. Durch \u00a7\u00a7 8 bis einschlie\u00dflich 10 TMG sind wir aber nicht verpflichtet, gespeicherte oder \u00fcbermittelte fremde Inhalte zu \u00fcberwachen oder diese auf Rechtswidrigkeit zu pr\u00fcfen. Das befreit uns jedoch nicht von der Pflicht, der Sperrung und Entfernung von Informationen nach geltenden Gesetzen nachzukommen.<\/p>\n","protected":false},"excerpt":{"rendered":"<p>Betreiber der privaten Webseite www.christian-jansen.de: Christian Jansen 48432 Rheine-Mesum Kontaktdaten: mobil: 0160-96654679 E-Mail-Adresse: webmaster@christian-jansen.de Haftung f\u00fcr Inhalte: Im Sinne von \u00a7 7 Absatz 1 TMG sind wir f\u00fcr die eigenen Inhalte auf dieser Webseite verantwortlich. Durch \u00a7\u00a7 8 bis einschlie\u00dflich 10 TMG sind wir aber nicht verpflichtet, gespeicherte oder \u00fcbermittelte fremde Inhalte zu \u00fcberwachen oder &hellip; <a href=\"https:\/\/christian-jansen.de\/?page_id=72\" class=\"more-link\"><span class=\"screen-reader-text\">Impressum<\/span> weiterlesen <span class=\"meta-nav\">&rarr;<\/span><\/a><\/p>\n","protected":false},"author":1,"featured_media":0,"parent":0,"menu_order":4,"comment_status":"closed","ping_status":"closed","template":"","meta":[],"_links":{"self":[{"href":"https:\/\/christian-jansen.de\/index.php?rest_route=\/wp\/v2\/pages\/72"}],"collection":[{"href":"https:\/\/christian-jansen.de\/index.php?rest_route=\/wp\/v2\/pages"}],"about":[{"href":"https:\/\/christian-jansen.de\/index.php?rest_route=\/wp\/v2\/types\/page"}],"author":[{"embeddable":true,"href":"https:\/\/christian-jansen.de\/index.php?rest_route=\/wp\/v2\/users\/1"}],"replies":[{"embeddable":true,"href":"https:\/\/christian-jansen.de\/index.php?rest_route=%2Fwp%2Fv2%2Fcomments&post=72"}],"version-history":[{"count":5,"href":"https:\/\/christian-jansen.de\/index.php?rest_route=\/wp\/v2\/pages\/72\/revisions"}],"predecessor-version":[{"id":78,"href":"https:\/\/christian-jansen.de\/index.php?rest_route=\/wp\/v2\/pages\/72\/revisions\/78"}],"wp:attachment":[{"href":"https:\/\/christian-jansen.de\/index.php?rest_route=%2Fwp%2Fv2%2Fmedia&parent=72"}],"curies":[{"name":"wp","href":"https:\/\/api.w.org\/{rel}","templated":true}]}}