{"id":38,"date":"2020-10-08T13:29:50","date_gmt":"2020-10-08T13:29:50","guid":{"rendered":"http:\/\/christian-jansen.de\/?page_id=38"},"modified":"2020-12-10T10:49:04","modified_gmt":"2020-12-10T09:49:04","slug":"meine-politischen-schwerpunkte-und-ziele","status":"publish","type":"page","link":"https:\/\/christian-jansen.de\/?page_id=38","title":{"rendered":"Meine Politischen Schwerpunkte &#038; Ziele"},"content":{"rendered":"\r\n<p>Ich bin mit einer Unterbrechung seit 1995 Mitglied bei B\u00fcndnis 90\/Die Gr\u00fcnen und wurde am 13. September 2020 in den <strong>Rat der Stadt Rheine<\/strong> gew\u00e4hlt (lieben Dank nochmals f\u00fcr das Vertrauen).<\/p>\r\n\r\n\r\n\r\n<p>Meine politischen Schwerpunkte sind in den Bereichen Wirtschaft, Verkehr, Digitalisierung &amp; Jugend.<\/p>\r\n\r\n\r\n\r\n<p>Hier eine Auswahl meiner kommunalpolitischen Ziele, f\u00fcr die ich mich einsetzen m\u00f6chte: \u00a0<\/p>\r\n\r\n\r\n\r\n<ul>\r\n<li>Schaffen von verkehrsberuhigten Zonen rund um Kindertageseinrichtungen, Schulen &amp; Stadtteilzentren<\/li>\r\n<li>Mehr \u00f6ffentlich zug\u00e4ngliche Orte f\u00fcr Kinder und Jugendliche in Rheine schaffen, an denen sie sich frei, kreativ und ungezwungen entfalten k\u00f6nnen<\/li>\r\n<li>Entwicklung eines intelligenten Konzeptes zur \u00f6kologischen City-Logistik, zum Beispiel als Netzwerk des lokalen Einzelhandels<\/li>\r\n<li>Intensive Nutzung der uns zur Verf\u00fcgung stehenden Instrumente der lokalen Wirtschaftsf\u00f6rderung, um Start-ups und etablierte Unternehmen zu f\u00f6rdern, die nachhaltige und zukunftsf\u00e4hige Technologien in Rheine voranbringen wollen<\/li>\r\n<li>F\u00f6rdern der digitalen Teilhabe und Schaffen von Transparenz in der B\u00fcrgerbeteiligung. Die Verwaltungsprozesse &amp; \u00f6ffentlichen Daten der Stadt Rheine und seiner Betriebe m\u00fcssen zuk\u00fcnftig, wo rechtlich m\u00f6glich, vollst\u00e4ndig digitalisiert und zug\u00e4nglich gemacht werden.<\/li>\r\n<\/ul>\r\n\r\n\r\n\r\n\r\n\r\n<p>Wer sich gerne mehr \u00fcber gr\u00fcne Politik in Rheine informieren m\u00f6chte findet hier den <a href=\"http:\/\/www.gruene-rheine.de\">Link zur Webpage<\/a> von B\u00fcndnis 90\/Die Gr\u00fcnen in Rheine.<\/p>\r\n","protected":false},"excerpt":{"rendered":"<p>Ich bin mit einer Unterbrechung seit 1995 Mitglied bei B\u00fcndnis 90\/Die Gr\u00fcnen und wurde am 13. September 2020 in den Rat der Stadt Rheine gew\u00e4hlt (lieben Dank nochmals f\u00fcr das Vertrauen). Meine politischen Schwerpunkte sind in den Bereichen Wirtschaft, Verkehr, Digitalisierung &amp; Jugend. Hier eine Auswahl meiner kommunalpolitischen Ziele, f\u00fcr die ich mich einsetzen m\u00f6chte: &hellip; <a href=\"https:\/\/christian-jansen.de\/?page_id=38\" class=\"more-link\"><span class=\"screen-reader-text\">Meine Politischen Schwerpunkte &#038; Ziele<\/span> weiterlesen <span class=\"meta-nav\">&rarr;<\/span><\/a><\/p>\n","protected":false},"author":1,"featured_media":86,"parent":0,"menu_order":1,"comment_status":"closed","ping_status":"closed","template":"","meta":[],"_links":{"self":[{"href":"https:\/\/christian-jansen.de\/index.php?rest_route=\/wp\/v2\/pages\/38"}],"collection":[{"href":"https:\/\/christian-jansen.de\/index.php?rest_route=\/wp\/v2\/pages"}],"about":[{"href":"https:\/\/christian-jansen.de\/index.php?rest_route=\/wp\/v2\/types\/page"}],"author":[{"embeddable":true,"href":"https:\/\/christian-jansen.de\/index.php?rest_route=\/wp\/v2\/users\/1"}],"replies":[{"embeddable":true,"href":"https:\/\/christian-jansen.de\/index.php?rest_route=%2Fwp%2Fv2%2Fcomments&post=38"}],"version-history":[{"count":10,"href":"https:\/\/christian-jansen.de\/index.php?rest_route=\/wp\/v2\/pages\/38\/revisions"}],"predecessor-version":[{"id":177,"href":"https:\/\/christian-jansen.de\/index.php?rest_route=\/wp\/v2\/pages\/38\/revisions\/177"}],"wp:featuredmedia":[{"embeddable":true,"href":"https:\/\/christian-jansen.de\/index.php?rest_route=\/wp\/v2\/media\/86"}],"wp:attachment":[{"href":"https:\/\/christian-jansen.de\/index.php?rest_route=%2Fwp%2Fv2%2Fmedia&parent=38"}],"curies":[{"name":"wp","href":"https:\/\/api.w.org\/{rel}","templated":true}]}}